{"id":10,"date":"2016-08-03T10:14:17","date_gmt":"2016-08-03T10:14:17","guid":{"rendered":"http:\/\/barman.ch\/wordpress\/?page_id=10"},"modified":"2016-12-02T11:17:52","modified_gmt":"2016-12-02T11:17:52","slug":"kurse","status":"publish","type":"page","link":"https:\/\/barman.ch\/wordpress\/kurse\/","title":{"rendered":"Kurse"},"content":{"rendered":"<p>Wir bieten Kurse und Vortr\u00e4ge auf dem Gebiet des Immaterialg\u00fcterrechts (Rechte des geistigen Eigentums) an. Sie richten sich an Nichtjuristen (beispielsweise an Ingenieure, Erwerbst\u00e4tige im Marketing, H\u00e4ndler, etc.). Wir f\u00fchren Sie in einer einfachen und verst\u00e4ndlichen Sprache in die Welt des Geistigen Eigentums ein.<\/p>\n<p>Der nachfolgende Link f\u00fchrt Sie zur Pr\u00e4sentation eines dreist\u00fcndigen Markenrechtkurses, den wir regelm\u00e4ssig anbieten.<\/p>\n<p><a href=\"http:\/\/www.iprights.ch\/downloads\/Markenrechtkurs.pdf\">Markenrechtkurs<\/a><\/p>\n","protected":false},"excerpt":{"rendered":"<p>Wir bieten Kurse und Vortr\u00e4ge auf dem Gebiet des Immaterialg\u00fcterrechts (Rechte des geistigen Eigentums) an. Sie richten sich an Nichtjuristen (beispielsweise an Ingenieure, Erwerbst\u00e4tige im Marketing, H\u00e4ndler, etc.). Wir f\u00fchren Sie in einer einfachen und verst\u00e4ndlichen Sprache in &hellip; <\/p>\n<div class=\"more-link-wrapper\"><a href=\"https:\/\/barman.ch\/wordpress\/kurse\/\" class=\"more-link\">Continue reading<span class=\"screen-reader-text\"> &#8222;Kurse&#8220;<\/span><\/a><\/div>\n","protected":false},"author":1,"featured_media":0,"parent":0,"menu_order":40,"comment_status":"closed","ping_status":"closed","template":"","meta":{"footnotes":""},"class_list":["post-10","page","type-page","status-publish","hentry"],"_links":{"self":[{"href":"https:\/\/barman.ch\/wordpress\/wp-json\/wp\/v2\/pages\/10","targetHints":{"allow":["GET"]}}],"collection":[{"href":"https:\/\/barman.ch\/wordpress\/wp-json\/wp\/v2\/pages"}],"about":[{"href":"https:\/\/barman.ch\/wordpress\/wp-json\/wp\/v2\/types\/page"}],"author":[{"embeddable":true,"href":"https:\/\/barman.ch\/wordpress\/wp-json\/wp\/v2\/users\/1"}],"replies":[{"embeddable":true,"href":"https:\/\/barman.ch\/wordpress\/wp-json\/wp\/v2\/comments?post=10"}],"version-history":[{"count":2,"href":"https:\/\/barman.ch\/wordpress\/wp-json\/wp\/v2\/pages\/10\/revisions"}],"predecessor-version":[{"id":32,"href":"https:\/\/barman.ch\/wordpress\/wp-json\/wp\/v2\/pages\/10\/revisions\/32"}],"wp:attachment":[{"href":"https:\/\/barman.ch\/wordpress\/wp-json\/wp\/v2\/media?parent=10"}],"curies":[{"name":"wp","href":"https:\/\/api.w.org\/{rel}","templated":true}]}}