{"id":12,"date":"2016-08-03T10:14:26","date_gmt":"2016-08-03T10:14:26","guid":{"rendered":"http:\/\/barman.ch\/wordpress\/?page_id=12"},"modified":"2019-11-17T19:53:30","modified_gmt":"2019-11-17T19:53:30","slug":"rechtsprechung","status":"publish","type":"page","link":"https:\/\/barman.ch\/wordpress\/rechtsprechung\/","title":{"rendered":"Massnahmeentscheid des Handelsgerichts St. Gallen vom 21.5.2013 Nestl\u00e9\u2018s Kampf um seine Kaffeekapseln gegen Denner"},"content":{"rendered":"<p>Nestl\u00e9 versucht Nachahmer von Kaffeekapseln durch ihre dreidimensionale Marke vom Leib zu halten, was ihr gegen Denner im Massnahmenverfahren vor dem Handelsgericht St. Gallen nur halbwegs gelungen ist. Das Handelsgericht St. Gallen hat der Nestl\u00e9-Kapsel zwar aufgrund ihres besonderen oberen Teils bestehend aus einem Vulkan mit kleiner Krater\u00f6ffnung markenrechtlichen Schutz anerkannt. Allerdings hat es dem unteren Teil der Kapsel, der sich aus einem einfachen Kegelstumpf und einem Flansch (Rand der Kapsel) zusammensetzt den markenrechtlichen Schutz versagt. Der Kegelstumpf und der Flansch seien f\u00fcr den Einsatz in einer Kaffeekapsel technisch notwendig und k\u00f6nnten deshalb nicht monopolisiert werden. Diese Elemente d\u00fcrfen somit von einem Konkurrenten \u00fcbernommen werden. Zur Beurteilung, ob eine Verwechslungsgefahr zwischen den Denner-Kapseln und den Nestl\u00e9-Kapseln besteht war deshalb in erster Linie entscheidend, ob sich die Kapseln in ihrem oberen Teil gen\u00fcgend unterscheiden. Und in diesem wichtigen Punkt hat Nestl\u00e9 gegen Denner verloren: Die im Urteilszeitpunkt relevanten Kapseln von Denner bestanden aus einem mehrfach abgestuften Aufbau mit einer eher gr\u00f6sseren \u00d6ffnung und neun auff\u00e4lligen L\u00f6chern. Diese pr\u00e4genden Elemente unterscheiden sich gem\u00e4ss dem Handelsgericht St.Gallen gen\u00fcgend vom Vulkan mit kleiner Krater\u00f6ffnung der Nestl\u00e9-Kapseln (siehe Bilder unten, Nestl\u00e9-Kapsel links, Denner-Kapsel rechts und Kegelstumpf).<img loading=\"lazy\" decoding=\"async\" class=\"alignnone size-medium\" src=\"https:\/\/www.barman.ch\/images\/Kapseln.jpg\" width=\"756\" height=\"359\" \/><\/p>\n<h2>Bundesgerichtsentscheid vom 21.1. 2005<br \/>\n&#8222;www.maggi.com&#8220;<\/h2>\n<p>&#8222;Nestl\u00e9 in die Suppe gespuckt&#8220; (Zitat aus der NZZ vom 26.\/27. Feburar 2005)<\/p>\n<p>Wegen der ber\u00fchmten Marke MAGGI von Nestl\u00e9 musste die Familie Maggi die Betreibung der Website www.maggi.com einstellen und diesen Domainnamen auf die Soci\u00e9t\u00e9 des produits Nestl\u00e9 SA \u00fcbertragen.<\/p>\n<h2>Bundesgerichtsentscheid vom 18.7.2000<br \/>\nRIVELLA \/ APIELLA<\/h2>\n<p>Die Rivella International AG musste sich nicht gefallen lassen, dass ein H\u00e4ndler das Milchserumgetr\u00e4nk APIELLA als Konkurrenzprodukt auf dem Markt lancierte. Als Inhaberin der Marke RIVELLA klagte die Rivella International AG gegen den H\u00e4ndler. Als letzte Instanz verbot das Bundesgericht dem H\u00e4ndler den Vertrieb des Milchserumgetr\u00e4nks APIELLA.<\/p>\n","protected":false},"excerpt":{"rendered":"<p>Nestl\u00e9 versucht Nachahmer von Kaffeekapseln durch ihre dreidimensionale Marke vom Leib zu halten, was ihr gegen Denner im Massnahmenverfahren vor dem Handelsgericht St. Gallen nur halbwegs gelungen ist. Das Handelsgericht St. Gallen hat der Nestl\u00e9-Kapsel zwar aufgrund ihres &hellip; <\/p>\n<div class=\"more-link-wrapper\"><a href=\"https:\/\/barman.ch\/wordpress\/rechtsprechung\/\" class=\"more-link\">Continue reading<span class=\"screen-reader-text\"> &#8222;Massnahmeentscheid des Handelsgerichts St. Gallen vom 21.5.2013 Nestl\u00e9\u2018s Kampf um seine Kaffeekapseln gegen Denner&#8220;<\/span><\/a><\/div>\n","protected":false},"author":1,"featured_media":0,"parent":0,"menu_order":50,"comment_status":"closed","ping_status":"closed","template":"","meta":{"footnotes":""},"class_list":["post-12","page","type-page","status-publish","hentry"],"_links":{"self":[{"href":"https:\/\/barman.ch\/wordpress\/wp-json\/wp\/v2\/pages\/12","targetHints":{"allow":["GET"]}}],"collection":[{"href":"https:\/\/barman.ch\/wordpress\/wp-json\/wp\/v2\/pages"}],"about":[{"href":"https:\/\/barman.ch\/wordpress\/wp-json\/wp\/v2\/types\/page"}],"author":[{"embeddable":true,"href":"https:\/\/barman.ch\/wordpress\/wp-json\/wp\/v2\/users\/1"}],"replies":[{"embeddable":true,"href":"https:\/\/barman.ch\/wordpress\/wp-json\/wp\/v2\/comments?post=12"}],"version-history":[{"count":5,"href":"https:\/\/barman.ch\/wordpress\/wp-json\/wp\/v2\/pages\/12\/revisions"}],"predecessor-version":[{"id":148,"href":"https:\/\/barman.ch\/wordpress\/wp-json\/wp\/v2\/pages\/12\/revisions\/148"}],"wp:attachment":[{"href":"https:\/\/barman.ch\/wordpress\/wp-json\/wp\/v2\/media?parent=12"}],"curies":[{"name":"wp","href":"https:\/\/api.w.org\/{rel}","templated":true}]}}