{"id":136,"date":"2019-11-05T21:37:29","date_gmt":"2019-11-05T21:37:29","guid":{"rendered":"http:\/\/barman.ch\/?page_id=136"},"modified":"2020-02-26T16:55:18","modified_gmt":"2020-02-26T16:55:18","slug":"bienvenue-sur-notre-site-internet","status":"publish","type":"page","link":"https:\/\/barman.ch\/wordpress\/bienvenue-sur-notre-site-internet\/","title":{"rendered":"Bienvenue sur notre site internet !"},"content":{"rendered":"<p>L&#8217;\u00e9tude a&nbsp; l&#8217;avantage de vous conseiller et de vous repr\u00e9senter en fran\u00e7ais et en allemand pour tous vos probl\u00e8mes juridiques (entreprises et personnes priv\u00e9es).&nbsp; Elle vous offre ses services sp\u00e9cialis\u00e9s qui couvrent tout le domaine de la propri\u00e9t\u00e9 intellectuelle, en particulier le droit des marques. Par ailleurs, elle intervient devant les tribunaux, le cas \u00e9ch\u00e9ant, dans les deux langues. En outre, sa client\u00e8le internationale b\u00e9n\u00e9ficie de son exp\u00e9rience en anglais.<\/p>\n","protected":false},"excerpt":{"rendered":"<p>L&#8217;\u00e9tude a&nbsp; l&#8217;avantage de vous conseiller et de vous repr\u00e9senter en fran\u00e7ais et en allemand pour tous vos probl\u00e8mes juridiques (entreprises et personnes priv\u00e9es).&nbsp; Elle vous offre ses services sp\u00e9cialis\u00e9s qui couvrent tout le domaine de la propri\u00e9t\u00e9 &hellip; <\/p>\n<div class=\"more-link-wrapper\"><a href=\"https:\/\/barman.ch\/wordpress\/bienvenue-sur-notre-site-internet\/\" class=\"more-link\">Continue reading<span class=\"screen-reader-text\"> &#8222;Bienvenue sur notre site internet !&#8220;<\/span><\/a><\/div>\n","protected":false},"author":1,"featured_media":0,"parent":0,"menu_order":10,"comment_status":"closed","ping_status":"closed","template":"","meta":{"footnotes":""},"class_list":["post-136","page","type-page","status-publish","hentry"],"_links":{"self":[{"href":"https:\/\/barman.ch\/wordpress\/wp-json\/wp\/v2\/pages\/136","targetHints":{"allow":["GET"]}}],"collection":[{"href":"https:\/\/barman.ch\/wordpress\/wp-json\/wp\/v2\/pages"}],"about":[{"href":"https:\/\/barman.ch\/wordpress\/wp-json\/wp\/v2\/types\/page"}],"author":[{"embeddable":true,"href":"https:\/\/barman.ch\/wordpress\/wp-json\/wp\/v2\/users\/1"}],"replies":[{"embeddable":true,"href":"https:\/\/barman.ch\/wordpress\/wp-json\/wp\/v2\/comments?post=136"}],"version-history":[{"count":2,"href":"https:\/\/barman.ch\/wordpress\/wp-json\/wp\/v2\/pages\/136\/revisions"}],"predecessor-version":[{"id":150,"href":"https:\/\/barman.ch\/wordpress\/wp-json\/wp\/v2\/pages\/136\/revisions\/150"}],"wp:attachment":[{"href":"https:\/\/barman.ch\/wordpress\/wp-json\/wp\/v2\/media?parent=136"}],"curies":[{"name":"wp","href":"https:\/\/api.w.org\/{rel}","templated":true}]}}