{"id":5,"date":"2016-08-03T10:13:50","date_gmt":"2016-08-03T10:13:50","guid":{"rendered":"http:\/\/barman.ch\/wordpress\/?page_id=5"},"modified":"2019-11-15T23:50:21","modified_gmt":"2019-11-15T23:50:21","slug":"inhaber","status":"publish","type":"page","link":"https:\/\/barman.ch\/wordpress\/inhaber\/","title":{"rendered":"Inhaber"},"content":{"rendered":"<p class=\"centered\"><img loading=\"lazy\" decoding=\"async\" class=\"alignnone size-medium\" src=\"https:\/\/www.barman.ch\/images\/barman.jpg\" width=\"200\" height=\"300\" \/><\/p>\n<p class=\"centered\">Philippe Barman<br \/>\nRechtsanwalt<\/p>\n<h2>Bevorzugte T\u00e4tigkeitsgebiete<\/h2>\n<div id=\"textul\">\n<ul>\n<li>Immaterialg\u00fcterrecht (Rechte des geistigen Eigentums)<\/li>\n<li>Firmenrecht<\/li>\n<li>Vertragsrecht<\/li>\n<li>Handelsrecht<\/li>\n<li>Zivilrecht<\/li>\n<li>Schuldbetreibungs- und Konkursrecht<\/li>\n<\/ul>\n<\/div>\n<h2>Sprachen<\/h2>\n<p>Deutsch und Franz\u00f6sisch (bilingue), Englisch<\/p>\n<h2>Ausbildung und bisherige T\u00e4tigkeiten<\/h2>\n<p>Seit 2004<br \/>\nals selbstst\u00e4ndiger Rechtsanwalt t\u00e4tig<\/p>\n<p>1.5.2003-31.12. 2003<br \/>\nT\u00e4tigkeit als Rechtsanwalt in Lausanne in einer als Allgemeinpraxis ausgerichteten Anwaltskanzlei (beratende und forensische T\u00e4tigkeit in franz\u00f6sischer Sprache)<\/p>\n<p>1.3.2001 &#8211; 30.4.2003<br \/>\nT\u00e4tigkeit als Rechtsanwalt in Bern in einer auf Immaterialg\u00fcterrecht spezialisierten Anwaltskanzlei<\/p>\n<p>1997-2000<br \/>\nJurist in der Markenabteilung des Instituts f\u00fcr Geistiges Eigentum. Zudem Betreuung der Zeitschrift <a href=\"http:\/\/www.sic-online.ch\">sic!<\/a> (Zeitschrift f\u00fcr Immaterialg\u00fcter-, Informations- und Wettbewerbsrecht) von 1997-1999.<\/p>\n<p>1997<br \/>\nPatentierung zum Berner F\u00fcrsprecher bzw. Rechtsanwalt<\/p>\n<h2>\u00dcbrige T\u00e4tigkeiten<\/h2>\n<h3>Referate<\/h3>\n<p>Vortrag zum Thema &#8222;Markenrecht: Chancen und Gefahren&#8220;, gehalten an der 26. Schweizerischen Marketing- und Verkaufsleitertagung in Interlaken im Jahre 2005 <a href=\"http:\/\/www.iprights.ch\/downloads\/Markenrecht_Chancen_Gefahren_2005.pdf\">Pr\u00e4sentation des Vortrags<\/a><\/p>\n<p>Referent f\u00fcr Markenrecht beim Europa Institut Schweiz, <a href=\"http:\/\/www.eis-ch.ch\">Institut f\u00fcr Wirtschafts-, Unternehmungs- und Technologieentwicklung<\/a> seit 2002<\/p>\n<h3>Publikationen<\/h3>\n<p>Redaktor bei der Zeitschrift <a href=\"http:\/\/www.sic-online.ch\">sic!<\/a> von 1997 bis 2010<\/p>\n<h3>Mitgliedschaften<\/h3>\n<p>Bernischer und Schweizerischer Anwaltsverband<\/p>\n","protected":false},"excerpt":{"rendered":"<p>Philippe Barman Rechtsanwalt Bevorzugte T\u00e4tigkeitsgebiete Immaterialg\u00fcterrecht (Rechte des geistigen Eigentums) Firmenrecht Vertragsrecht Handelsrecht Zivilrecht Schuldbetreibungs- und Konkursrecht Sprachen Deutsch und Franz\u00f6sisch (bilingue), Englisch Ausbildung und bisherige T\u00e4tigkeiten Seit 2004 als selbstst\u00e4ndiger Rechtsanwalt t\u00e4tig 1.5.2003-31.12. 2003 T\u00e4tigkeit als Rechtsanwalt &hellip; <\/p>\n<div class=\"more-link-wrapper\"><a href=\"https:\/\/barman.ch\/wordpress\/inhaber\/\" class=\"more-link\">Continue reading<span class=\"screen-reader-text\"> &#8222;Inhaber&#8220;<\/span><\/a><\/div>\n","protected":false},"author":1,"featured_media":0,"parent":0,"menu_order":20,"comment_status":"closed","ping_status":"closed","template":"","meta":{"footnotes":""},"class_list":["post-5","page","type-page","status-publish","hentry"],"_links":{"self":[{"href":"https:\/\/barman.ch\/wordpress\/wp-json\/wp\/v2\/pages\/5","targetHints":{"allow":["GET"]}}],"collection":[{"href":"https:\/\/barman.ch\/wordpress\/wp-json\/wp\/v2\/pages"}],"about":[{"href":"https:\/\/barman.ch\/wordpress\/wp-json\/wp\/v2\/types\/page"}],"author":[{"embeddable":true,"href":"https:\/\/barman.ch\/wordpress\/wp-json\/wp\/v2\/users\/1"}],"replies":[{"embeddable":true,"href":"https:\/\/barman.ch\/wordpress\/wp-json\/wp\/v2\/comments?post=5"}],"version-history":[{"count":5,"href":"https:\/\/barman.ch\/wordpress\/wp-json\/wp\/v2\/pages\/5\/revisions"}],"predecessor-version":[{"id":143,"href":"https:\/\/barman.ch\/wordpress\/wp-json\/wp\/v2\/pages\/5\/revisions\/143"}],"wp:attachment":[{"href":"https:\/\/barman.ch\/wordpress\/wp-json\/wp\/v2\/media?parent=5"}],"curies":[{"name":"wp","href":"https:\/\/api.w.org\/{rel}","templated":true}]}}