{"id":59,"date":"2016-08-03T12:14:44","date_gmt":"2016-08-03T12:14:44","guid":{"rendered":"http:\/\/barman.ch\/wordpress\/?page_id=59"},"modified":"2019-11-15T23:51:28","modified_gmt":"2019-11-15T23:51:28","slug":"avocat","status":"publish","type":"page","link":"https:\/\/barman.ch\/wordpress\/avocat\/","title":{"rendered":"Avocat"},"content":{"rendered":"<p class=\"centered\"><img loading=\"lazy\" decoding=\"async\" class=\"alignnone size-medium\" src=\"https:\/\/www.barman.ch\/images\/barman.jpg\" width=\"200\" height=\"300\" \/><\/p>\n<p class=\"centered\">Me Philippe Barman, avocat<\/p>\n<h2>Activit\u00e9s prioritaires<\/h2>\n<div id=\"textul\">\n<ul>\n<li>Droit de la propri\u00e9t\u00e9 intellectuelle<\/li>\n<li>Droit des raisons sociales<\/li>\n<li>Droit contractuel<\/li>\n<li>Droit commercial<\/li>\n<li>Droit civil<\/li>\n<li>Droit de la poursuite et de la faillite<\/li>\n<\/ul>\n<\/div>\n<h2>Langues<\/h2>\n<p>Allemand et fran\u00e7ais (bilingue), anglais<\/p>\n<h2>Formation et exp\u00e9rience professionnelle<\/h2>\n<p>depuis 2004<br \/>\nactivit\u00e9 comme avocat ind\u00e9pendant<\/p>\n<p>1.5.2003-31.12. 2003<br \/>\nAvocat au sein d&#8217;une Etude d&#8217;avocats \u00e0 Lausanne (activit\u00e9 de g\u00e9n\u00e9raliste)<\/p>\n<p>1.3.2001 &#8211; 30.4.2003<br \/>\nAvocat au sein d&#8217;une Etude d&#8217;avocats \u00e0 Berne, sp\u00e9cialis\u00e9e dans le domaine de la propri\u00e9t\u00e9 intellectuelle<\/p>\n<p>1997-2000<br \/>\nJuriste au sein de la division des marques \u00e0 l&#8217;Institut f\u00e9d\u00e9ral de la propri\u00e9t\u00e9 intellectuelle. Coordinateur de la revue sic! (Revue du droit de la propri\u00e9t\u00e9 intellectuelle, de l&#8217;information et de la concurrence) de 1997 \u00e0 1999.<\/p>\n<p>1997<br \/>\nBrevet d&#8217;avocat<\/p>\n<h2>Autres activit\u00e9s<\/h2>\n<h3>Conf\u00e9rences<\/h3>\n<p>Expos\u00e9 \u00e0 Interlaken dans le cadre de la 26\u00e8me Schweizerische Marketing- und Verkaufsleitertagung en droit des marques. Sujet de l&#8217;expos\u00e9 : &#8220; Droit des marques: chances et risques &#8222;. <a href=\"http:\/\/www.iprights.ch\/downloads\/droit_des_marques.pdf\">Pr\u00e9sentation de cette conf\u00e9rence<\/a><\/p>\n<p>Conf\u00e9rencier au Europa Institut Schweiz, <a href=\"http:\/\/www.eis-ch.ch\">Institut f\u00fcr Wirtschafts-, Unternehmungs- und Technologieentwicklung<\/a> dans le domaine du droit des marques depuis 2002<\/p>\n<h3>Publications<\/h3>\n<p>R\u00e9dacteur de la revue <a href=\"http:\/\/www.sic-online.ch\">sic!<\/a> de 1997 jusqu&#8217;en 2010<\/p>\n<h3>Appartenance \u00e0 des soci\u00e9t\u00e9s juridiques<\/h3>\n<p>F\u00e9d\u00e9ration Suisse des Avocats, Association des avocats bernois, Soci\u00e9t\u00e9 des juristes bernois<\/p>\n","protected":false},"excerpt":{"rendered":"<p>Me Philippe Barman, avocat Activit\u00e9s prioritaires Droit de la propri\u00e9t\u00e9 intellectuelle Droit des raisons sociales Droit contractuel Droit commercial Droit civil Droit de la poursuite et de la faillite Langues Allemand et fran\u00e7ais (bilingue), anglais Formation et exp\u00e9rience &hellip; <\/p>\n<div class=\"more-link-wrapper\"><a href=\"https:\/\/barman.ch\/wordpress\/avocat\/\" class=\"more-link\">Continue reading<span class=\"screen-reader-text\"> &#8222;Avocat&#8220;<\/span><\/a><\/div>\n","protected":false},"author":1,"featured_media":0,"parent":0,"menu_order":20,"comment_status":"closed","ping_status":"closed","template":"","meta":{"footnotes":""},"class_list":["post-59","page","type-page","status-publish","hentry"],"_links":{"self":[{"href":"https:\/\/barman.ch\/wordpress\/wp-json\/wp\/v2\/pages\/59","targetHints":{"allow":["GET"]}}],"collection":[{"href":"https:\/\/barman.ch\/wordpress\/wp-json\/wp\/v2\/pages"}],"about":[{"href":"https:\/\/barman.ch\/wordpress\/wp-json\/wp\/v2\/types\/page"}],"author":[{"embeddable":true,"href":"https:\/\/barman.ch\/wordpress\/wp-json\/wp\/v2\/users\/1"}],"replies":[{"embeddable":true,"href":"https:\/\/barman.ch\/wordpress\/wp-json\/wp\/v2\/comments?post=59"}],"version-history":[{"count":3,"href":"https:\/\/barman.ch\/wordpress\/wp-json\/wp\/v2\/pages\/59\/revisions"}],"predecessor-version":[{"id":144,"href":"https:\/\/barman.ch\/wordpress\/wp-json\/wp\/v2\/pages\/59\/revisions\/144"}],"wp:attachment":[{"href":"https:\/\/barman.ch\/wordpress\/wp-json\/wp\/v2\/media?parent=59"}],"curies":[{"name":"wp","href":"https:\/\/api.w.org\/{rel}","templated":true}]}}