{"id":65,"date":"2016-08-03T12:16:13","date_gmt":"2016-08-03T12:16:13","guid":{"rendered":"http:\/\/barman.ch\/wordpress\/?page_id=65"},"modified":"2021-08-07T15:25:57","modified_gmt":"2021-08-07T15:25:57","slug":"liens","status":"publish","type":"page","link":"https:\/\/barman.ch\/wordpress\/liens\/","title":{"rendered":"Liens"},"content":{"rendered":"<p><a href=\"http:\/\/www.ige.ch\">Institut f\u00e9d\u00e9ral de la propri\u00e9t\u00e9 intellectuelle<\/a><\/p>\n<p><a href=\"https:\/\/euipo.europa.eu\/ohimportal\/fr\">EUIPO &#8211; Accueil (europa.eu)<\/a><\/p>\n<p><a href=\"http:\/\/www.dpma.de\">Office des brevets de Munich<\/a><\/p>\n<p><a href=\"http:\/\/www.wipo.int\">Organisation Mondiale de la Propri\u00e9t\u00e9 Intellectuelle<\/a><\/p>\n","protected":false},"excerpt":{"rendered":"<p>Institut f\u00e9d\u00e9ral de la propri\u00e9t\u00e9 intellectuelle EUIPO &#8211; Accueil (europa.eu) Office des brevets de Munich Organisation Mondiale de la Propri\u00e9t\u00e9 Intellectuelle<\/p>\n","protected":false},"author":1,"featured_media":0,"parent":0,"menu_order":60,"comment_status":"closed","ping_status":"closed","template":"","meta":{"footnotes":""},"class_list":["post-65","page","type-page","status-publish","hentry"],"_links":{"self":[{"href":"https:\/\/barman.ch\/wordpress\/wp-json\/wp\/v2\/pages\/65","targetHints":{"allow":["GET"]}}],"collection":[{"href":"https:\/\/barman.ch\/wordpress\/wp-json\/wp\/v2\/pages"}],"about":[{"href":"https:\/\/barman.ch\/wordpress\/wp-json\/wp\/v2\/types\/page"}],"author":[{"embeddable":true,"href":"https:\/\/barman.ch\/wordpress\/wp-json\/wp\/v2\/users\/1"}],"replies":[{"embeddable":true,"href":"https:\/\/barman.ch\/wordpress\/wp-json\/wp\/v2\/comments?post=65"}],"version-history":[{"count":2,"href":"https:\/\/barman.ch\/wordpress\/wp-json\/wp\/v2\/pages\/65\/revisions"}],"predecessor-version":[{"id":157,"href":"https:\/\/barman.ch\/wordpress\/wp-json\/wp\/v2\/pages\/65\/revisions\/157"}],"wp:attachment":[{"href":"https:\/\/barman.ch\/wordpress\/wp-json\/wp\/v2\/media?parent=65"}],"curies":[{"name":"wp","href":"https:\/\/api.w.org\/{rel}","templated":true}]}}