{"id":73,"date":"2016-08-03T12:20:01","date_gmt":"2016-08-03T12:20:01","guid":{"rendered":"http:\/\/barman.ch\/wordpress\/?page_id=73"},"modified":"2016-12-02T11:15:54","modified_gmt":"2016-12-02T11:15:54","slug":"nos-services","status":"publish","type":"page","link":"https:\/\/barman.ch\/wordpress\/nos-services\/","title":{"rendered":"Services juridiques g\u00e9n\u00e9raux"},"content":{"rendered":"<p>Nous vous conseillons pour tous vos probl\u00e8mes juridiques (entreprises et personnes priv\u00e9es). Les domaines les plus importants que nous traitons sont le droit contractuel, le droit commercial, le droit civil et le droit de la poursuite et la faillite.<\/p>\n<h2>Services sp\u00e9cialis\u00e9s<\/h2>\n<p>Nos services sp\u00e9cialis\u00e9s couvrent tout le domaine du droit de la propri\u00e9t\u00e9 intellectuelle : marques, noms de domaine, designs, appellations d&#8217;origine, brevets, droits d&#8217;auteur, droit des raisons sociales.<\/p>\n<h2>Marques (d\u00e9p\u00f4t et d\u00e9fense des marques)<\/h2>\n<p>L&#8217;image de marque d&#8217;une entreprise est la suite d&#8217;une activit\u00e9 commerciale couronn\u00e9e de succ\u00e8s. Il est toutefois crucial de la prot\u00e9ger contre des imitations. Les concurrents sont en effet bien souvent malheureusement sans scrupule. Le d\u00e9p\u00f4t d&#8217;une marque peut y rem\u00e9dier: Il est possible de d\u00e9poser comme marque la raison sociale, le logo d&#8217;une entreprise et bien entendu le nom ou le logo d&#8217;un nouveau produit ou de nouveaux services destin\u00e9s \u00e0 \u00eatre introduits sur le march\u00e9.<\/p>\n<p>Nous d\u00e9veloppons des strat\u00e9gies en relation avec les marques pour nos clients et d\u00e9posons des marques sur le plan national et international. En outre, nous g\u00e9rons les marques de nos clients. Nous conseillons nos clients pour des litiges concernant des marques et d\u00e9fendons leurs int\u00e9r\u00eats dans les proc\u00e9dures d&#8217;opposition \u00e0 l&#8217;Institut f\u00e9d\u00e9ral de la propri\u00e9t\u00e9 intellectuelle ou dans les proc\u00e8s civils au tribunal.<\/p>\n","protected":false},"excerpt":{"rendered":"<p>Nous vous conseillons pour tous vos probl\u00e8mes juridiques (entreprises et personnes priv\u00e9es). Les domaines les plus importants que nous traitons sont le droit contractuel, le droit commercial, le droit civil et le droit de la poursuite et la &hellip; <\/p>\n<div class=\"more-link-wrapper\"><a href=\"https:\/\/barman.ch\/wordpress\/nos-services\/\" class=\"more-link\">Continue reading<span class=\"screen-reader-text\"> &#8222;Services juridiques g\u00e9n\u00e9raux&#8220;<\/span><\/a><\/div>\n","protected":false},"author":1,"featured_media":0,"parent":0,"menu_order":30,"comment_status":"closed","ping_status":"closed","template":"","meta":{"footnotes":""},"class_list":["post-73","page","type-page","status-publish","hentry"],"_links":{"self":[{"href":"https:\/\/barman.ch\/wordpress\/wp-json\/wp\/v2\/pages\/73","targetHints":{"allow":["GET"]}}],"collection":[{"href":"https:\/\/barman.ch\/wordpress\/wp-json\/wp\/v2\/pages"}],"about":[{"href":"https:\/\/barman.ch\/wordpress\/wp-json\/wp\/v2\/types\/page"}],"author":[{"embeddable":true,"href":"https:\/\/barman.ch\/wordpress\/wp-json\/wp\/v2\/users\/1"}],"replies":[{"embeddable":true,"href":"https:\/\/barman.ch\/wordpress\/wp-json\/wp\/v2\/comments?post=73"}],"version-history":[{"count":2,"href":"https:\/\/barman.ch\/wordpress\/wp-json\/wp\/v2\/pages\/73\/revisions"}],"predecessor-version":[{"id":89,"href":"https:\/\/barman.ch\/wordpress\/wp-json\/wp\/v2\/pages\/73\/revisions\/89"}],"wp:attachment":[{"href":"https:\/\/barman.ch\/wordpress\/wp-json\/wp\/v2\/media?parent=73"}],"curies":[{"name":"wp","href":"https:\/\/api.w.org\/{rel}","templated":true}]}}