{"id":75,"date":"2016-08-03T12:20:25","date_gmt":"2016-08-03T12:20:25","guid":{"rendered":"http:\/\/barman.ch\/wordpress\/?page_id=75"},"modified":"2016-12-02T11:14:00","modified_gmt":"2016-12-02T11:14:00","slug":"cours","status":"publish","type":"page","link":"https:\/\/barman.ch\/wordpress\/cours\/","title":{"rendered":"Cours"},"content":{"rendered":"<p>Nous offrons des cours \/ conf\u00e9rences dans le domaine du droit de la propri\u00e9t\u00e9 intellectuelle. Ils s&#8217;adressent \u00e0 un large public et ne font pas appel \u00e0 des connaissances juridiques sp\u00e9ciales. Dans un langage simple, les participants apprennent les bases du droit de la propri\u00e9t\u00e9 intellectuelle.<\/p>\n<p>Vous trouverez ci-dessous la pr\u00e9sentation (pdf) du cours en droit des marques que nous offrons r\u00e9guli\u00e8rement \u00e0 des non-juristes, par exemple \u00e0 des ing\u00e9nieurs, des sp\u00e9cialistes du marketing, des commer\u00e7ants, etc.<\/p>\n<p><a href=\"http:\/\/www.iprights.ch\/downloads\/droit_des_marques.pdf\">pr\u00e9sentation du cours en droit des marques<\/a><\/p>\n","protected":false},"excerpt":{"rendered":"<p>Nous offrons des cours \/ conf\u00e9rences dans le domaine du droit de la propri\u00e9t\u00e9 intellectuelle. Ils s&#8217;adressent \u00e0 un large public et ne font pas appel \u00e0 des connaissances juridiques sp\u00e9ciales. Dans un langage simple, les participants apprennent &hellip; <\/p>\n<div class=\"more-link-wrapper\"><a href=\"https:\/\/barman.ch\/wordpress\/cours\/\" class=\"more-link\">Continue reading<span class=\"screen-reader-text\"> &#8222;Cours&#8220;<\/span><\/a><\/div>\n","protected":false},"author":1,"featured_media":0,"parent":0,"menu_order":40,"comment_status":"closed","ping_status":"closed","template":"","meta":{"footnotes":""},"class_list":["post-75","page","type-page","status-publish","hentry"],"_links":{"self":[{"href":"https:\/\/barman.ch\/wordpress\/wp-json\/wp\/v2\/pages\/75","targetHints":{"allow":["GET"]}}],"collection":[{"href":"https:\/\/barman.ch\/wordpress\/wp-json\/wp\/v2\/pages"}],"about":[{"href":"https:\/\/barman.ch\/wordpress\/wp-json\/wp\/v2\/types\/page"}],"author":[{"embeddable":true,"href":"https:\/\/barman.ch\/wordpress\/wp-json\/wp\/v2\/users\/1"}],"replies":[{"embeddable":true,"href":"https:\/\/barman.ch\/wordpress\/wp-json\/wp\/v2\/comments?post=75"}],"version-history":[{"count":1,"href":"https:\/\/barman.ch\/wordpress\/wp-json\/wp\/v2\/pages\/75\/revisions"}],"predecessor-version":[{"id":76,"href":"https:\/\/barman.ch\/wordpress\/wp-json\/wp\/v2\/pages\/75\/revisions\/76"}],"wp:attachment":[{"href":"https:\/\/barman.ch\/wordpress\/wp-json\/wp\/v2\/media?parent=75"}],"curies":[{"name":"wp","href":"https:\/\/api.w.org\/{rel}","templated":true}]}}