{"id":77,"date":"2016-08-03T12:21:09","date_gmt":"2016-08-03T12:21:09","guid":{"rendered":"http:\/\/barman.ch\/wordpress\/?page_id=77"},"modified":"2016-12-02T11:12:52","modified_gmt":"2016-12-02T11:12:52","slug":"jurisprudence","status":"publish","type":"page","link":"https:\/\/barman.ch\/wordpress\/jurisprudence\/","title":{"rendered":"Arr\u00eat du Tribunal f\u00e9d\u00e9ral du 18.07.2000 RIVELLA \/ APIELLA"},"content":{"rendered":"<p>Rivella International SA s&#8217;est d\u00e9fendue avec succ\u00e8s contre un commer\u00e7ant qui avait mis sur le march\u00e9 la boisson APIELLA. En tant que d\u00e9tenteur de la marque RIVELLA, elle a intent\u00e9 une proc\u00e9dure civile contre le commer\u00e7ant. Le Tribunal f\u00e9d\u00e9ral a tranch\u00e9 en sa faveur et a interdit au commer\u00e7ant l&#8217;utilisation du signe APIELLA en relation avec des boissons.<\/p>\n<h2>Arr\u00eat du Tribunal f\u00e9d\u00e9ral du 21.01.2005<br \/>\n&#8222;www.maggi.com&#8220;<\/h2>\n<p>&#8222;Monsieur Maggi prend un bouillon face \u00e0 Nestl\u00e9&#8220; (Tribune de Gen\u00e8ve du 25 f\u00e9vrier 2005)<\/p>\n<p>La Soci\u00e9t\u00e9 des produits Nestl\u00e9 SA \u00e9tant titulaire de la marque de haute renomm\u00e9e MAGGI, la famille Maggi a d\u00fb abandonner le site internet www.maggi.com et a \u00e9t\u00e9 oblig\u00e9e de transmettre le nom de domaine www.maggi.com \u00e0 la Soci\u00e9t\u00e9 des produits Nestl\u00e9 SA.<\/p>\n","protected":false},"excerpt":{"rendered":"<p>Rivella International SA s&#8217;est d\u00e9fendue avec succ\u00e8s contre un commer\u00e7ant qui avait mis sur le march\u00e9 la boisson APIELLA. En tant que d\u00e9tenteur de la marque RIVELLA, elle a intent\u00e9 une proc\u00e9dure civile contre le commer\u00e7ant. Le Tribunal &hellip; <\/p>\n<div class=\"more-link-wrapper\"><a href=\"https:\/\/barman.ch\/wordpress\/jurisprudence\/\" class=\"more-link\">Continue reading<span class=\"screen-reader-text\"> &#8222;Arr\u00eat du Tribunal f\u00e9d\u00e9ral du 18.07.2000 RIVELLA \/ APIELLA&#8220;<\/span><\/a><\/div>\n","protected":false},"author":1,"featured_media":0,"parent":0,"menu_order":50,"comment_status":"closed","ping_status":"closed","template":"","meta":{"footnotes":""},"class_list":["post-77","page","type-page","status-publish","hentry"],"_links":{"self":[{"href":"https:\/\/barman.ch\/wordpress\/wp-json\/wp\/v2\/pages\/77","targetHints":{"allow":["GET"]}}],"collection":[{"href":"https:\/\/barman.ch\/wordpress\/wp-json\/wp\/v2\/pages"}],"about":[{"href":"https:\/\/barman.ch\/wordpress\/wp-json\/wp\/v2\/types\/page"}],"author":[{"embeddable":true,"href":"https:\/\/barman.ch\/wordpress\/wp-json\/wp\/v2\/users\/1"}],"replies":[{"embeddable":true,"href":"https:\/\/barman.ch\/wordpress\/wp-json\/wp\/v2\/comments?post=77"}],"version-history":[{"count":2,"href":"https:\/\/barman.ch\/wordpress\/wp-json\/wp\/v2\/pages\/77\/revisions"}],"predecessor-version":[{"id":90,"href":"https:\/\/barman.ch\/wordpress\/wp-json\/wp\/v2\/pages\/77\/revisions\/90"}],"wp:attachment":[{"href":"https:\/\/barman.ch\/wordpress\/wp-json\/wp\/v2\/media?parent=77"}],"curies":[{"name":"wp","href":"https:\/\/api.w.org\/{rel}","templated":true}]}}