{"id":8,"date":"2016-08-03T10:14:03","date_gmt":"2016-08-03T10:14:03","guid":{"rendered":"http:\/\/barman.ch\/wordpress\/?page_id=8"},"modified":"2016-12-02T11:12:07","modified_gmt":"2016-12-02T11:12:07","slug":"dienstleistungen","status":"publish","type":"page","link":"https:\/\/barman.ch\/wordpress\/dienstleistungen\/","title":{"rendered":"Allgemeiner Rechtsdienst"},"content":{"rendered":"<p>Die wichtigsten Bereiche unseres allgemeinen Rechtsdiensts sind das Vertragsrecht, das Handelsrecht, das Zivilrecht und das Schuldbetreibungs- und Konkursrecht.<\/p>\n<h2>Spezialgebiete<\/h2>\n<p>Zu unseren Spezialgebieten geh\u00f6ren die Rechte des geistigen Eigentums (Immaterialg\u00fcterrecht). Diese Dienstleistungen erfassen das Markenrecht, Domainnamenrecht, Designrecht, Urheberrecht und Firmenrecht (Verteidigung des Firmennamens).<\/p>\n<h2>Dienstleistungen im Zusammenhang mit Marken<\/h2>\n<p>Nicht umsonst spricht man bei Erfolg von Markenzeichen. Ein durch erfolgreiche Gesch\u00e4ftst\u00e4tigkeit aufgebautes Markenzeichen sollte aber unbedingt vor Nachahmungen gesch\u00fctzt sein; Konkurrenten handeln in der Regel skrupellos. Hier hilft die Hinterlegung einer Marke: Als Marke gesch\u00fctzt werden k\u00f6nnen der Firmenname, das Firmenlogo und selbstverst\u00e4ndlich auch die f\u00fcr die Lancierung eines neuen Produkts oder einer innovativen Dienstleistung vorgesehenen Namen (bzw. Bezeichnungen) oder Logos.<\/p>\n<p>Vor diesem Hintergrund entwickeln wir Markenstrategien, hinterlegen Marken auf nationaler und internationaler Ebene und verwalten auch das Markenportefeuille unserer Klienten.<\/p>\n<p>Zu unseren Dienstleistungen geh\u00f6ren selbstverst\u00e4ndlich auch die fachliche Unterst\u00fctzung bei Markenkonflikten und die Vertretung in Widerspruchsverfahren vor dem Institut f\u00fcr Geistiges Eigentum und in Zivilprozessen vor Gericht.<\/p>\n","protected":false},"excerpt":{"rendered":"<p>Die wichtigsten Bereiche unseres allgemeinen Rechtsdiensts sind das Vertragsrecht, das Handelsrecht, das Zivilrecht und das Schuldbetreibungs- und Konkursrecht. Spezialgebiete Zu unseren Spezialgebieten geh\u00f6ren die Rechte des geistigen Eigentums (Immaterialg\u00fcterrecht). Diese Dienstleistungen erfassen das Markenrecht, Domainnamenrecht, Designrecht, Urheberrecht und &hellip; <\/p>\n<div class=\"more-link-wrapper\"><a href=\"https:\/\/barman.ch\/wordpress\/dienstleistungen\/\" class=\"more-link\">Continue reading<span class=\"screen-reader-text\"> &#8222;Allgemeiner Rechtsdienst&#8220;<\/span><\/a><\/div>\n","protected":false},"author":1,"featured_media":0,"parent":0,"menu_order":30,"comment_status":"closed","ping_status":"closed","template":"","meta":{"footnotes":""},"class_list":["post-8","page","type-page","status-publish","hentry"],"_links":{"self":[{"href":"https:\/\/barman.ch\/wordpress\/wp-json\/wp\/v2\/pages\/8","targetHints":{"allow":["GET"]}}],"collection":[{"href":"https:\/\/barman.ch\/wordpress\/wp-json\/wp\/v2\/pages"}],"about":[{"href":"https:\/\/barman.ch\/wordpress\/wp-json\/wp\/v2\/types\/page"}],"author":[{"embeddable":true,"href":"https:\/\/barman.ch\/wordpress\/wp-json\/wp\/v2\/users\/1"}],"replies":[{"embeddable":true,"href":"https:\/\/barman.ch\/wordpress\/wp-json\/wp\/v2\/comments?post=8"}],"version-history":[{"count":3,"href":"https:\/\/barman.ch\/wordpress\/wp-json\/wp\/v2\/pages\/8\/revisions"}],"predecessor-version":[{"id":91,"href":"https:\/\/barman.ch\/wordpress\/wp-json\/wp\/v2\/pages\/8\/revisions\/91"}],"wp:attachment":[{"href":"https:\/\/barman.ch\/wordpress\/wp-json\/wp\/v2\/media?parent=8"}],"curies":[{"name":"wp","href":"https:\/\/api.w.org\/{rel}","templated":true}]}}